{"id":89,"date":"2025-09-05T08:26:27","date_gmt":"2025-09-05T08:26:27","guid":{"rendered":"https:\/\/oscarmendezvisuals.com\/?page_id=89"},"modified":"2025-09-06T10:57:56","modified_gmt":"2025-09-06T10:57:56","slug":"elementor-pagina-89","status":"publish","type":"page","link":"https:\/\/oscarmendezvisuals.com\/?page_id=89","title":{"rendered":"Sobre mi"},"content":{"rendered":"\t\t<div data-elementor-type=\"wp-page\" data-elementor-id=\"89\" class=\"elementor elementor-89\" data-elementor-post-type=\"page\">\n\t\t\t\t<div class=\"elementor-element elementor-element-7d61450f e-con-full e-flex e-con e-parent\" data-id=\"7d61450f\" data-element_type=\"container\" data-settings=\"{&quot;background_background&quot;:&quot;classic&quot;}\">\n\t\t<div class=\"elementor-element elementor-element-791cb5f4 e-con-full e-flex e-con e-child\" data-id=\"791cb5f4\" data-element_type=\"container\">\n\t\t\t\t<div class=\"elementor-element elementor-element-569396f5 elementor-widget elementor-widget-heading\" data-id=\"569396f5\" data-element_type=\"widget\" data-widget_type=\"heading.default\">\n\t\t\t\t\t<h2 class=\"elementor-heading-title elementor-size-default\">Sobre mi<\/h2>\t\t\t\t<\/div>\n\t\t\t\t<div class=\"elementor-element elementor-element-e5bcb7e elementor-widget elementor-widget-text-editor\" data-id=\"e5bcb7e\" data-element_type=\"widget\" data-widget_type=\"text-editor.default\">\n\t\t\t\t\t\t\t\t\t<p>\u201cSoy Oscar M\u00e9ndez, fot\u00f3grafo y filmmaker en Valencia. Convierto tus ideas en im\u00e1genes potentes, creando una narrativa visual coherente que represente lo que eres y lo que ofreces. A trav\u00e9s de creatividad, t\u00e9cnica y sensibilidad, transformo tu historia en contenido aut\u00e9ntico y con el nivel de calidad que tu marca merece.\u201d<\/p>\t\t\t\t\t\t\t\t<\/div>\n\t\t\t\t<div class=\"elementor-element elementor-element-27b8943d elementor-align-left elementor-tablet-align-center elementor-button-info elementor-widget elementor-widget-button\" data-id=\"27b8943d\" data-element_type=\"widget\" data-widget_type=\"button.default\">\n\t\t\t\t\t\t\t\t\t\t<a class=\"elementor-button elementor-button-link elementor-size-sm elementor-animation-grow\" href=\"https:\/\/www.instagram.com\/oscar.mendez_visuals\/\">\n\t\t\t\t\t\t<span class=\"elementor-button-content-wrapper\">\n\t\t\t\t\t\t\t\t\t<span class=\"elementor-button-text\">sigue  mi trabajo diario en IG<\/span>\n\t\t\t\t\t<\/span>\n\t\t\t\t\t<\/a>\n\t\t\t\t\t\t\t\t<\/div>\n\t\t\t\t<\/div>\n\t\t\t\t<div class=\"elementor-element elementor-element-615c1940 elementor-widget__width-initial elementor-widget-tablet__width-inherit elementor-widget elementor-widget-image\" data-id=\"615c1940\" data-element_type=\"widget\" data-widget_type=\"image.default\">\n\t\t\t\t\t\t\t\t\t\t\t\t\t\t\t<img fetchpriority=\"high\" decoding=\"async\" width=\"683\" height=\"1024\" src=\"https:\/\/oscarmendezvisuals.com\/wp-content\/uploads\/2025\/08\/DSCF9404-683x1024.jpg\" class=\"attachment-large size-large wp-image-345\" alt=\"\" srcset=\"https:\/\/oscarmendezvisuals.com\/wp-content\/uploads\/2025\/08\/DSCF9404-683x1024.jpg 683w, https:\/\/oscarmendezvisuals.com\/wp-content\/uploads\/2025\/08\/DSCF9404-200x300.jpg 200w, https:\/\/oscarmendezvisuals.com\/wp-content\/uploads\/2025\/08\/DSCF9404-768x1152.jpg 768w, https:\/\/oscarmendezvisuals.com\/wp-content\/uploads\/2025\/08\/DSCF9404-1024x1536.jpg 1024w, https:\/\/oscarmendezvisuals.com\/wp-content\/uploads\/2025\/08\/DSCF9404-1365x2048.jpg 1365w, https:\/\/oscarmendezvisuals.com\/wp-content\/uploads\/2025\/08\/DSCF9404-scaled.jpg 1707w\" sizes=\"(max-width: 683px) 100vw, 683px\" \/>\t\t\t\t\t\t\t\t\t\t\t\t\t\t\t<\/div>\n\t\t\t\t<div class=\"elementor-element elementor-element-a656824 elementor-view-default elementor-widget elementor-widget-icon\" data-id=\"a656824\" data-element_type=\"widget\" data-widget_type=\"icon.default\">\n\t\t\t\t\t\t\t<div class=\"elementor-icon-wrapper\">\n\t\t\t<div class=\"elementor-icon\">\n\t\t\t<svg aria-hidden=\"true\" class=\"e-font-icon-svg e-fas-star\" viewBox=\"0 0 576 512\" xmlns=\"http:\/\/www.w3.org\/2000\/svg\"><path d=\"M259.3 17.8L194 150.2 47.9 171.5c-26.2 3.8-36.7 36.1-17.7 54.6l105.7 103-25 145.5c-4.5 26.3 23.2 46 46.4 33.7L288 439.6l130.7 68.7c23.2 12.2 50.9-7.4 46.4-33.7l-25-145.5 105.7-103c19-18.5 8.5-50.8-17.7-54.6L382 150.2 316.7 17.8c-11.7-23.6-45.6-23.9-57.4 0z\"><\/path><\/svg>\t\t\t<\/div>\n\t\t<\/div>\n\t\t\t\t\t\t<\/div>\n\t\t\t\t<\/div>\n\t\t\t\t<\/div>\n\t\t","protected":false},"excerpt":{"rendered":"<p>Sobre mi \u201cSoy Oscar M\u00e9ndez, fot\u00f3grafo y filmmaker en Valencia. Convierto tus ideas en im\u00e1genes potentes, creando una narrativa visual coherente que represente lo que eres y lo que ofreces. A trav\u00e9s de creatividad, t\u00e9cnica y sensibilidad, transformo tu historia en contenido aut\u00e9ntico y con el nivel de calidad que tu marca merece.\u201d sigue mi [&hellip;]<\/p>\n","protected":false},"author":1,"featured_media":0,"parent":0,"menu_order":0,"comment_status":"closed","ping_status":"closed","template":"","meta":{"footnotes":""},"class_list":["post-89","page","type-page","status-publish","hentry"],"_links":{"self":[{"href":"https:\/\/oscarmendezvisuals.com\/index.php?rest_route=\/wp\/v2\/pages\/89","targetHints":{"allow":["GET"]}}],"collection":[{"href":"https:\/\/oscarmendezvisuals.com\/index.php?rest_route=\/wp\/v2\/pages"}],"about":[{"href":"https:\/\/oscarmendezvisuals.com\/index.php?rest_route=\/wp\/v2\/types\/page"}],"author":[{"embeddable":true,"href":"https:\/\/oscarmendezvisuals.com\/index.php?rest_route=\/wp\/v2\/users\/1"}],"replies":[{"embeddable":true,"href":"https:\/\/oscarmendezvisuals.com\/index.php?rest_route=%2Fwp%2Fv2%2Fcomments&post=89"}],"version-history":[{"count":22,"href":"https:\/\/oscarmendezvisuals.com\/index.php?rest_route=\/wp\/v2\/pages\/89\/revisions"}],"predecessor-version":[{"id":484,"href":"https:\/\/oscarmendezvisuals.com\/index.php?rest_route=\/wp\/v2\/pages\/89\/revisions\/484"}],"wp:attachment":[{"href":"https:\/\/oscarmendezvisuals.com\/index.php?rest_route=%2Fwp%2Fv2%2Fmedia&parent=89"}],"curies":[{"name":"wp","href":"https:\/\/api.w.org\/{rel}","templated":true}]}}